{"id":1829,"date":"2025-02-18T08:13:55","date_gmt":"2025-02-18T07:13:55","guid":{"rendered":"https:\/\/europuente.com\/politica-de-privacidad\/"},"modified":"2025-03-20T14:27:59","modified_gmt":"2025-03-20T13:27:59","slug":"politica-de-privacidad","status":"publish","type":"page","link":"https:\/\/europuente.com\/pl\/politica-de-privacidad\/","title":{"rendered":"Pol\u00edtica de privacidad"},"content":{"rendered":"\n<p>En esta Pol\u00edtica de Privacidad encontrar\u00e1s toda la informaci\u00f3n relativa al uso que hacemos de los datos personales que utilices para interactuar con nosotros como usuario.<\/p>\n\n<p>Dispones de forma permanente de esta Pol\u00edtica de Privacidad que puedes consultar cuando lo estimes oportuno.<\/p>\n\n<p>Cualquier duda que te surja en la lectura de esta informaci\u00f3n no dudes en preguntarnos al email projects@europuente.com.<\/p>\n\n<h3 class=\"wp-block-heading\">\u00bfQui\u00e9nes somos?<\/h3>\n\n<p>EUROPUENTE SPANISH PROJECT PARTNER SL con CIF B19631092 y domicilio fiscal en CAMINO DE LA VEGA, 5<br\/>18190 &#8211; CENES DE LA VEGA (GRANADA), titular de la web https:\/\/europuente.com y responsable del tratamiento de tus datos personales, de sus usos y de su protecci\u00f3n.<\/p>\n\n<p>El uso de los servicios del Sitio Web, as\u00ed como la adquisici\u00f3n de cualquiera de los productos ofertados, supone tu aceptaci\u00f3n como Cliente, sin reservas de ninguna clase, de todas las manifestaciones contenidas en esta Pol\u00edtica de Privacidad y en las Condiciones Generales.<\/p>\n\n<p>Tu registro en la web y el uso de sus servicios conlleva que los datos personales que hayas facilitado en el formulario de alta como Cliente pasar\u00e1n a formar parte de ficheros para su tratamiento con la finalidad, legitimaci\u00f3n, cesiones y periodos de conservaci\u00f3n que se detalla a continuaci\u00f3n, y que declaras conocer y aceptar al pulsar el bot\u00f3n de acci\u00f3n del formulario.<\/p>\n\n<h3 class=\"wp-block-heading\">Limitaciones<\/h3>\n\n<p>El contenido promocional de la web est\u00e1 dirigida a todos los usuarios, pero si vas a registrarte como cliente o realizar alguna compra debes ser mayor de edad.<\/p>\n\n<h3 class=\"wp-block-heading\">\u00bfPara qu\u00e9 finalidad usamos tus datos?<\/h3>\n\n<p>Dependiendo de c\u00f3mo interact\u00faes en nuestra web, trataremos tus datos personales para las siguientes finalidades:<\/p>\n\n<p><strong>Atender las consultas, sugerencias o solicitudes que nos realices a trav\u00e9s de la web.<\/strong><\/p>\n\n<h3 class=\"wp-block-heading\">\u00bfQu\u00e9 datos personales te solicitaremos?<\/h3>\n\n<p>A trav\u00e9s de nuestro formulario de contacto: Nombre, correo electr\u00f3nico y tel\u00e9fono.<\/p>\n\n<p>En la Pol\u00edtica de cookies podr\u00e1s encontrar qu\u00e9 otro tipo de informaci\u00f3n recogeremos a trav\u00e9s del uso de cookies.<\/p>\n\n<p>Recuerda que todos los datos que te solicitemos como obligatorios son los m\u00ednimos necesarios para poder prestarte el servicio o permitirte el acceso a determinada funcionalidad de la web. Si decides no facilitar estos datos es posible que no puedas completar tu registro o no podamos proporcionarte determinados servicios o funcionalidades.<\/p>\n\n<h3 class=\"wp-block-heading\">\u00bfPor qu\u00e9 usamos tus datos?<\/h3>\n\n<p>La legitimaci\u00f3n para el tratamiento de tus datos proviene de que necesitamos tratarlos para ejecutar el contrato que aceptas con nosotros al registrarte y al disfrutar de nuestros servicios o funcionalidades.<\/p>\n\n<p>Hay otras razones como nuestro inter\u00e9s en atender tus consultas o solicitudes y el consentimiento que nos prestas para poder enviarte nuestra informaci\u00f3n comercial.<\/p>\n\n<h3 class=\"wp-block-heading\">\u00bfCu\u00e1nto tiempo conservamos tus datos?<\/h3>\n\n<p>Tus datos personales ser\u00e1n conservados durante el tiempo que permanezca tu cuenta de usuario activa. Recuerda que puedes cancelarla en cualquier momento mediante solicitud al email projects@europuente.com. Una vez cancelada la cuenta, tus datos personales se conservar\u00e1n bloqueados durante el periodo exigido por la legislaci\u00f3n fiscal para la prescripci\u00f3n de responsabilidades en el caso de que hayas efectuado alguna adquisici\u00f3n de productos.<\/p>\n\n<p>En cualquier otro caso tus datos personales se conservar\u00e1n durante un periodo de 3 meses desde tu decisi\u00f3n de cancelaci\u00f3n, por si pudieran derivarse alg\u00fan tipo de responsabilidades.<\/p>\n\n<p>Una vez finalizados los plazos, los datos ser\u00e1n eliminados de nuestros registros.<\/p>\n\n<h3 class=\"wp-block-heading\">\u00bfCon qui\u00e9n compartimos tus datos?<\/h3>\n\n<p>Para el cumplimiento de las finalidades expresadas, tus datos personales ser\u00e1n comunicados a prestadores de servicios auxiliares que nos facilitan la gesti\u00f3n o nuestras obligaciones legales, tales como empresas de transporte, de asesoramientos fiscal y jur\u00eddico y de alojamiento web entre otras.<br\/>Tambi\u00e9n cederemos tus datos personales a Organismos o Administraciones p\u00fablicas a las que estemos obligados por exigencia legal.<\/p>\n\n<p>Puedes solicitar una lista de estas empresas y organismo a trav\u00e9s de nuestro email projects@europuente.com.<\/p>\n\n<h3 class=\"wp-block-heading\">\u00bfQu\u00e9 derechos tienes sobre tus datos personales?<\/h3>\n\n<p>Con independencia de la justificaci\u00f3n legal con la que hemos realizado el tratamiento de tus datos personales, tienes una serie de derechos que puedes ejercer ante EUROPUENTE SPANISH PROJECT PARTNER SL, mediante comunicaci\u00f3n al email projects@europuente.com.<\/p>\n\n<ul class=\"wp-block-list\">\n<li>Cuando ejerzas este derecho de supresi\u00f3n, bloquearemos tus datos personales para cualquier tipo de tratamiento durante el periodo de conservaci\u00f3n que te hemos indicado m\u00e1s arriba. Y una vez transcurrido el mismo procederemos a su eliminaci\u00f3n definitiva.<\/li>\n\n\n\n<li>Derecho a que limitemos el tratamiento de tus datos, lo que supone que en determinados casos puedas solicitarnos que suspendamos temporalmente el tratamiento de los datos o que los conservemos m\u00e1s all\u00e1 del tiempo necesario cuando puedas necesitarlo.<\/li>\n\n\n\n<li>Derecho a solicitar la portabilidad de tus datos personales. Esto significa que tendr\u00e1s derecho a recibir los datos personales que nos hayas facilitado en un formato estructurado, de uso com\u00fan y legible por una m\u00e1quina, para poder transmitirlo a otra entidad directamente, siempre que t\u00e9cnicamente sea posible.<\/li>\n\n\n\n<li>Tambi\u00e9n puedes presentar una reclamaci\u00f3n ante la autoridad de control en materia de protecci\u00f3n de datos, en particular, ante la Agencia Espa\u00f1ola de Protecci\u00f3n de Datos.<\/li>\n<\/ul>\n\n<h3 class=\"wp-block-heading\">Cambios en la Pol\u00edtica de Privacidad<\/h3>\n\n<p>Es posible que adaptemos o modifiquemos la informaci\u00f3n contenida en esta Pol\u00edtica de Privacidad cuando lo estimemos conveniente o incorporemos nuevas funcionalidades en la plataforma que as\u00ed lo exijan.<\/p>\n\n<p>En caso de que lo hagamos, te lo notificaremos mediante un banner informativo en la propia web.<\/p>\n\n<p>Te aconsejamos revises peri\u00f3dicamente esta Pol\u00edtica de Privacidad.<\/p>\n","protected":false},"excerpt":{"rendered":"<p>En esta Pol\u00edtica de Privacidad encontrar\u00e1s toda la informaci\u00f3n relativa al uso que hacemos de los datos personales que utilices para interactuar con nosotros como usuario. Dispones de forma permanente de esta Pol\u00edtica de Privacidad que puedes consultar cuando lo estimes oportuno. Cualquier duda que te surja en la lectura de esta informaci\u00f3n no dudes [&hellip;]<\/p>\n","protected":false},"author":1,"featured_media":0,"parent":0,"menu_order":0,"comment_status":"closed","ping_status":"closed","template":"","meta":{"footnotes":""},"class_list":["post-1829","page","type-page","status-publish","hentry"],"yoast_head":"<!-- This site is optimized with the Yoast SEO plugin v27.2 - https:\/\/yoast.com\/product\/yoast-seo-wordpress\/ -->\n<title>Pol\u00edtica de privacidad &#8226; Europuente<\/title>\n<meta name=\"robots\" content=\"noindex, nofollow\" \/>\n<meta property=\"og:locale\" content=\"pl_PL\" \/>\n<meta property=\"og:type\" content=\"article\" \/>\n<meta property=\"og:title\" content=\"Pol\u00edtica de privacidad &#8226; Europuente\" \/>\n<meta property=\"og:description\" content=\"En esta Pol\u00edtica de Privacidad encontrar\u00e1s toda la informaci\u00f3n relativa al uso que hacemos de los datos personales que utilices para interactuar con nosotros como usuario. Dispones de forma permanente de esta Pol\u00edtica de Privacidad que puedes consultar cuando lo estimes oportuno. Cualquier duda que te surja en la lectura de esta informaci\u00f3n no dudes [&hellip;]\" \/>\n<meta property=\"og:url\" content=\"https:\/\/europuente.com\/pl\/politica-de-privacidad\/\" \/>\n<meta property=\"og:site_name\" content=\"Europuente\" \/>\n<meta property=\"article:publisher\" content=\"https:\/\/www.facebook.com\/europuente\/?locale=es_ES\" \/>\n<meta property=\"article:modified_time\" content=\"2025-03-20T13:27:59+00:00\" \/>\n<meta property=\"og:image\" content=\"https:\/\/europuente.com\/wp-content\/uploads\/2025\/02\/JOA-y-EWA-RIENDOSE.webp\" \/>\n\t<meta property=\"og:image:width\" content=\"683\" \/>\n\t<meta property=\"og:image:height\" content=\"1024\" \/>\n\t<meta property=\"og:image:type\" content=\"image\/webp\" \/>\n<meta name=\"twitter:card\" content=\"summary_large_image\" \/>\n<meta name=\"twitter:label1\" content=\"Szacowany czas czytania\" \/>\n\t<meta name=\"twitter:data1\" content=\"5 minut\" \/>\n<script type=\"application\/ld+json\" class=\"yoast-schema-graph\">{\"@context\":\"https:\/\/schema.org\",\"@graph\":[{\"@type\":\"WebPage\",\"@id\":\"https:\/\/europuente.com\/pl\/politica-de-privacidad\/\",\"url\":\"https:\/\/europuente.com\/pl\/politica-de-privacidad\/\",\"name\":\"Pol\u00edtica de privacidad &#8226; Europuente\",\"isPartOf\":{\"@id\":\"https:\/\/europuente.com\/pl\/#website\"},\"datePublished\":\"2025-02-18T07:13:55+00:00\",\"dateModified\":\"2025-03-20T13:27:59+00:00\",\"breadcrumb\":{\"@id\":\"https:\/\/europuente.com\/pl\/politica-de-privacidad\/#breadcrumb\"},\"inLanguage\":\"pl-PL\",\"potentialAction\":[{\"@type\":\"ReadAction\",\"target\":[\"https:\/\/europuente.com\/pl\/politica-de-privacidad\/\"]}]},{\"@type\":\"BreadcrumbList\",\"@id\":\"https:\/\/europuente.com\/pl\/politica-de-privacidad\/#breadcrumb\",\"itemListElement\":[{\"@type\":\"ListItem\",\"position\":1,\"name\":\"Portada\",\"item\":\"https:\/\/europuente.com\/pl\/\"},{\"@type\":\"ListItem\",\"position\":2,\"name\":\"Pol\u00edtica de privacidad\"}]},{\"@type\":\"WebSite\",\"@id\":\"https:\/\/europuente.com\/pl\/#website\",\"url\":\"https:\/\/europuente.com\/pl\/\",\"name\":\"Europuente\",\"description\":\"\",\"publisher\":{\"@id\":\"https:\/\/europuente.com\/pl\/#organization\"},\"potentialAction\":[{\"@type\":\"SearchAction\",\"target\":{\"@type\":\"EntryPoint\",\"urlTemplate\":\"https:\/\/europuente.com\/pl\/?s={search_term_string}\"},\"query-input\":{\"@type\":\"PropertyValueSpecification\",\"valueRequired\":true,\"valueName\":\"search_term_string\"}}],\"inLanguage\":\"pl-PL\"},{\"@type\":\"Organization\",\"@id\":\"https:\/\/europuente.com\/pl\/#organization\",\"name\":\"Europuente\",\"url\":\"https:\/\/europuente.com\/pl\/\",\"logo\":{\"@type\":\"ImageObject\",\"inLanguage\":\"pl-PL\",\"@id\":\"https:\/\/europuente.com\/pl\/#\/schema\/logo\/image\/\",\"url\":\"https:\/\/europuente.com\/wp-content\/uploads\/2025\/02\/logo-cabecera.png\",\"contentUrl\":\"https:\/\/europuente.com\/wp-content\/uploads\/2025\/02\/logo-cabecera.png\",\"width\":600,\"height\":407,\"caption\":\"Europuente\"},\"image\":{\"@id\":\"https:\/\/europuente.com\/pl\/#\/schema\/logo\/image\/\"},\"sameAs\":[\"https:\/\/www.facebook.com\/europuente\/?locale=es_ES\",\"https:\/\/www.instagram.com\/europuente_spanishprojects\/?hl=en\"]}]}<\/script>\n<!-- \/ Yoast SEO plugin. -->","yoast_head_json":{"title":"Pol\u00edtica de privacidad &#8226; Europuente","robots":{"index":"noindex","follow":"nofollow"},"og_locale":"pl_PL","og_type":"article","og_title":"Pol\u00edtica de privacidad &#8226; Europuente","og_description":"En esta Pol\u00edtica de Privacidad encontrar\u00e1s toda la informaci\u00f3n relativa al uso que hacemos de los datos personales que utilices para interactuar con nosotros como usuario. Dispones de forma permanente de esta Pol\u00edtica de Privacidad que puedes consultar cuando lo estimes oportuno. Cualquier duda que te surja en la lectura de esta informaci\u00f3n no dudes [&hellip;]","og_url":"https:\/\/europuente.com\/pl\/politica-de-privacidad\/","og_site_name":"Europuente","article_publisher":"https:\/\/www.facebook.com\/europuente\/?locale=es_ES","article_modified_time":"2025-03-20T13:27:59+00:00","og_image":[{"width":683,"height":1024,"url":"https:\/\/europuente.com\/wp-content\/uploads\/2025\/02\/JOA-y-EWA-RIENDOSE.webp","type":"image\/webp"}],"twitter_card":"summary_large_image","twitter_misc":{"Szacowany czas czytania":"5 minut"},"schema":{"@context":"https:\/\/schema.org","@graph":[{"@type":"WebPage","@id":"https:\/\/europuente.com\/pl\/politica-de-privacidad\/","url":"https:\/\/europuente.com\/pl\/politica-de-privacidad\/","name":"Pol\u00edtica de privacidad &#8226; Europuente","isPartOf":{"@id":"https:\/\/europuente.com\/pl\/#website"},"datePublished":"2025-02-18T07:13:55+00:00","dateModified":"2025-03-20T13:27:59+00:00","breadcrumb":{"@id":"https:\/\/europuente.com\/pl\/politica-de-privacidad\/#breadcrumb"},"inLanguage":"pl-PL","potentialAction":[{"@type":"ReadAction","target":["https:\/\/europuente.com\/pl\/politica-de-privacidad\/"]}]},{"@type":"BreadcrumbList","@id":"https:\/\/europuente.com\/pl\/politica-de-privacidad\/#breadcrumb","itemListElement":[{"@type":"ListItem","position":1,"name":"Portada","item":"https:\/\/europuente.com\/pl\/"},{"@type":"ListItem","position":2,"name":"Pol\u00edtica de privacidad"}]},{"@type":"WebSite","@id":"https:\/\/europuente.com\/pl\/#website","url":"https:\/\/europuente.com\/pl\/","name":"Europuente","description":"","publisher":{"@id":"https:\/\/europuente.com\/pl\/#organization"},"potentialAction":[{"@type":"SearchAction","target":{"@type":"EntryPoint","urlTemplate":"https:\/\/europuente.com\/pl\/?s={search_term_string}"},"query-input":{"@type":"PropertyValueSpecification","valueRequired":true,"valueName":"search_term_string"}}],"inLanguage":"pl-PL"},{"@type":"Organization","@id":"https:\/\/europuente.com\/pl\/#organization","name":"Europuente","url":"https:\/\/europuente.com\/pl\/","logo":{"@type":"ImageObject","inLanguage":"pl-PL","@id":"https:\/\/europuente.com\/pl\/#\/schema\/logo\/image\/","url":"https:\/\/europuente.com\/wp-content\/uploads\/2025\/02\/logo-cabecera.png","contentUrl":"https:\/\/europuente.com\/wp-content\/uploads\/2025\/02\/logo-cabecera.png","width":600,"height":407,"caption":"Europuente"},"image":{"@id":"https:\/\/europuente.com\/pl\/#\/schema\/logo\/image\/"},"sameAs":["https:\/\/www.facebook.com\/europuente\/?locale=es_ES","https:\/\/www.instagram.com\/europuente_spanishprojects\/?hl=en"]}]}},"_links":{"self":[{"href":"https:\/\/europuente.com\/pl\/wp-json\/wp\/v2\/pages\/1829","targetHints":{"allow":["GET"]}}],"collection":[{"href":"https:\/\/europuente.com\/pl\/wp-json\/wp\/v2\/pages"}],"about":[{"href":"https:\/\/europuente.com\/pl\/wp-json\/wp\/v2\/types\/page"}],"author":[{"embeddable":true,"href":"https:\/\/europuente.com\/pl\/wp-json\/wp\/v2\/users\/1"}],"replies":[{"embeddable":true,"href":"https:\/\/europuente.com\/pl\/wp-json\/wp\/v2\/comments?post=1829"}],"version-history":[{"count":1,"href":"https:\/\/europuente.com\/pl\/wp-json\/wp\/v2\/pages\/1829\/revisions"}],"predecessor-version":[{"id":1830,"href":"https:\/\/europuente.com\/pl\/wp-json\/wp\/v2\/pages\/1829\/revisions\/1830"}],"wp:attachment":[{"href":"https:\/\/europuente.com\/pl\/wp-json\/wp\/v2\/media?parent=1829"}],"curies":[{"name":"wp","href":"https:\/\/api.w.org\/{rel}","templated":true}]}}